{"id":3133,"date":"2022-10-11T13:55:15","date_gmt":"2022-10-11T13:55:15","guid":{"rendered":"https:\/\/delgadosaboritlab.com\/?page_id=3133"},"modified":"2025-02-26T12:12:19","modified_gmt":"2025-02-26T12:12:19","slug":"jose-martinez-aguilar","status":"publish","type":"page","link":"https:\/\/delgadosaboritlab.com\/en\/jose-martinez-aguilar\/","title":{"rendered":"Jose Martinez Aguilar"},"content":{"rendered":"<p>[et_pb_section fb_built=\"1\" _builder_version=\"4.16\" _module_preset=\"default\" background_color=\"#fafbfc\" global_colors_info=\"{}\"][et_pb_row column_structure=\"1_4,3_4\" make_equal=\"on\" _builder_version=\"4.16\" _module_preset=\"default\" global_colors_info=\"{}\"][et_pb_column type=\"1_4\" _builder_version=\"4.16\" _module_preset=\"default\" global_colors_info=\"{}\"][et_pb_image src=\"https:\/\/delgadosaboritlab.com\/wp-content\/uploads\/2021\/11\/dr.png\" title_text=\"dr\" align=\"center\" _builder_version=\"4.16\" _module_preset=\"default\" border_radii=\"on|900px|900px|900px|900px\" global_colors_info=\"{}\"][\/et_pb_image][\/et_pb_column][et_pb_column type=\"3_4\" module_class=\"ds-vertical-align\" _builder_version=\"4.16\" _module_preset=\"default\" global_colors_info=\"{}\"][et_pb_text _builder_version=\"4.16\" _module_preset=\"default\" header_3_font=\"|600|||||||\" header_3_text_color=\"#317c93\" custom_margin=\"||10px||false|false\" global_colors_info=\"{}\"]<\/p>\n<h3>Jos\u00e9 Martinez Aguilar<\/h3>\n<p>[\/et_pb_text][et_pb_text _builder_version=\"4.27.4\" _module_preset=\"default\" hover_enabled=\"0\" global_colors_info=\"{}\" sticky_enabled=\"0\"]<\/p>\n<p><strong>Jos\u00e9 Martinez Aguilar<\/strong> holds a BSc in Biology from the University of Ja\u00e9n, a BSc in Biochemistry from the University of Granada and an MSc in Molecular, Cellular and Genetic Biology from the University of C\u00f3rdoba. He has collaborated with different research groups of the Spanish National Research Council (CSIC) (CSIC) gaining experience in the field of molecular biology. As a biochemistry research technician he contributed to the success of several research projects, including determining SARS-CoV-2 in aerosol samples, in the collection of samples from the UJI Long COVID project and analysing biomarkers in studies that evaluate the effect of exposure to environmental risks on health.<\/p>\n<p>[\/et_pb_text][\/et_pb_column][\/et_pb_row][\/et_pb_section]<\/p>\n","protected":false},"excerpt":{"rendered":"<p>Jos\u00e9 Martinez AguilarJos\u00e9 Martinez Aguilar holds a BSc in Biology from the University of Ja\u00e9n, a BSc in Biochemistry from the University of Granada and an MSc in Molecular, Cellular and Genetic Biology from the University of C\u00f3rdoba. He has collaborated with different research groups of the Spanish National Research Council (CSIC) (CSIC) gaining experience [&hellip;]<\/p>\n","protected":false},"author":2,"featured_media":0,"parent":0,"menu_order":0,"comment_status":"closed","ping_status":"closed","template":"","meta":{"_et_pb_use_builder":"on","_et_pb_old_content":"","_et_gb_content_width":"","inline_featured_image":false,"footnotes":""},"class_list":["post-3133","page","type-page","status-publish","hentry"],"_links":{"self":[{"href":"https:\/\/delgadosaboritlab.com\/en\/wp-json\/wp\/v2\/pages\/3133","targetHints":{"allow":["GET"]}}],"collection":[{"href":"https:\/\/delgadosaboritlab.com\/en\/wp-json\/wp\/v2\/pages"}],"about":[{"href":"https:\/\/delgadosaboritlab.com\/en\/wp-json\/wp\/v2\/types\/page"}],"author":[{"embeddable":true,"href":"https:\/\/delgadosaboritlab.com\/en\/wp-json\/wp\/v2\/users\/2"}],"replies":[{"embeddable":true,"href":"https:\/\/delgadosaboritlab.com\/en\/wp-json\/wp\/v2\/comments?post=3133"}],"version-history":[{"count":0,"href":"https:\/\/delgadosaboritlab.com\/en\/wp-json\/wp\/v2\/pages\/3133\/revisions"}],"wp:attachment":[{"href":"https:\/\/delgadosaboritlab.com\/en\/wp-json\/wp\/v2\/media?parent=3133"}],"curies":[{"name":"wp","href":"https:\/\/api.w.org\/{rel}","templated":true}]}}