{"id":2570,"date":"2021-11-03T09:53:57","date_gmt":"2021-11-03T09:53:57","guid":{"rendered":"https:\/\/delgadosaboritlab.com\/team\/aurea-cartanya-hueso\/"},"modified":"2025-02-26T12:19:21","modified_gmt":"2025-02-26T12:19:21","slug":"aurea-cartanya-hueso","status":"publish","type":"page","link":"https:\/\/delgadosaboritlab.com\/en\/team\/aurea-cartanya-hueso\/","title":{"rendered":"Aurea Cartanya Hueso"},"content":{"rendered":"<p>[et_pb_section fb_built=\"1\" _builder_version=\"4.16\" _module_preset=\"default\" background_color=\"#fafbfc\" global_colors_info=\"{}\"][et_pb_row column_structure=\"1_4,3_4\" make_equal=\"on\" _builder_version=\"4.16\" _module_preset=\"default\" global_colors_info=\"{}\"][et_pb_column type=\"1_4\" _builder_version=\"4.16\" _module_preset=\"default\" global_colors_info=\"{}\"][et_pb_image src=\"https:\/\/delgadosaboritlab.com\/wp-content\/uploads\/2021\/11\/aurea-cartanya.jpg\" title_text=\"aurea-cartanya\" align=\"center\" _builder_version=\"4.16\" _module_preset=\"default\" border_radii=\"on|900px|900px|900px|900px\" global_colors_info=\"{}\"][\/et_pb_image][\/et_pb_column][et_pb_column type=\"3_4\" module_class=\"ds-vertical-align\" _builder_version=\"4.16\" _module_preset=\"default\" global_colors_info=\"{}\"][et_pb_text _builder_version=\"4.16\" _module_preset=\"default\" header_3_font=\"|600|||||||\" header_3_text_color=\"#317c93\" custom_margin=\"||10px||false|false\" global_colors_info=\"{}\"]<\/p>\n<h3>Aurea Cartanya Hueso<\/h3>\n<p>[\/et_pb_text][et_pb_text _builder_version=\"4.27.4\" _module_preset=\"default\" hover_enabled=\"0\" global_colors_info=\"{}\" sticky_enabled=\"0\"]<\/p>\n<p>Dr <strong>\u00c0urea Cartany\u00e0 Hueso<\/strong> has a PhD in Health Sciences for Universitat Internacional de Catalunya. Furthermore Dr Cartany\u00e0 Hueso graduated in Statistics and Master in Statistics and Operation Research, both jointly for Universitat de Barcelona and Universitat Polit\u00e9cnica de Catalunya. Her doctoral research is based on the study of the association between screen time and health (sleep, diet, weight status, and mental health) in paediatric Spanish population. Moreover during her period as PhD candidate Dr Cartany\u00e0 Hueso \u00a0also taught biostatistics lessons in different degrees of health sciences (dentistry, biomedical sciences and bioengineering) and algebra in the bioengineering degree. She collaborated as a biostatistician in several projects evaluating the effect of environmental factors on cognitive and mental health. She currently works as a biostatistician at the IDIAP Jordi Gol.<\/p>\n<p>[\/et_pb_text][\/et_pb_column][\/et_pb_row][\/et_pb_section]<\/p>\n","protected":false},"excerpt":{"rendered":"<p>Aurea Cartanya HuesoDr \u00c0urea Cartany\u00e0 Hueso has a PhD in Health Sciences for Universitat Internacional de Catalunya. Furthermore Dr Cartany\u00e0 Hueso graduated in Statistics and Master in Statistics and Operation Research, both jointly for Universitat de Barcelona and Universitat Polit\u00e9cnica de Catalunya. Her doctoral research is based on the study of the association between screen [&hellip;]<\/p>\n","protected":false},"author":1,"featured_media":0,"parent":2028,"menu_order":0,"comment_status":"closed","ping_status":"closed","template":"","meta":{"_et_pb_use_builder":"on","_et_pb_old_content":"","_et_gb_content_width":"","inline_featured_image":false,"footnotes":""},"class_list":["post-2570","page","type-page","status-publish","hentry"],"_links":{"self":[{"href":"https:\/\/delgadosaboritlab.com\/en\/wp-json\/wp\/v2\/pages\/2570","targetHints":{"allow":["GET"]}}],"collection":[{"href":"https:\/\/delgadosaboritlab.com\/en\/wp-json\/wp\/v2\/pages"}],"about":[{"href":"https:\/\/delgadosaboritlab.com\/en\/wp-json\/wp\/v2\/types\/page"}],"author":[{"embeddable":true,"href":"https:\/\/delgadosaboritlab.com\/en\/wp-json\/wp\/v2\/users\/1"}],"replies":[{"embeddable":true,"href":"https:\/\/delgadosaboritlab.com\/en\/wp-json\/wp\/v2\/comments?post=2570"}],"version-history":[{"count":0,"href":"https:\/\/delgadosaboritlab.com\/en\/wp-json\/wp\/v2\/pages\/2570\/revisions"}],"up":[{"embeddable":true,"href":"https:\/\/delgadosaboritlab.com\/en\/wp-json\/wp\/v2\/pages\/2028"}],"wp:attachment":[{"href":"https:\/\/delgadosaboritlab.com\/en\/wp-json\/wp\/v2\/media?parent=2570"}],"curies":[{"name":"wp","href":"https:\/\/api.w.org\/{rel}","templated":true}]}}