{"id":2508,"date":"2021-10-07T14:18:40","date_gmt":"2021-10-07T14:18:40","guid":{"rendered":"https:\/\/delgadosaboritlab.com\/team\/naila-lopez-llorens\/"},"modified":"2021-11-03T10:54:39","modified_gmt":"2021-11-03T10:54:39","slug":"naila-lopez-llorens","status":"publish","type":"page","link":"https:\/\/delgadosaboritlab.com\/en\/team\/naila-lopez-llorens\/","title":{"rendered":"Naila L\u00f3pez Llorens"},"content":{"rendered":"<p>[et_pb_section fb_built=\"1\" _builder_version=\"4.9.4\" _module_preset=\"default\" background_color=\"#fafbfc\" global_colors_info=\"{}\"][et_pb_row column_structure=\"1_4,3_4\" make_equal=\"on\" _builder_version=\"4.9.4\" _module_preset=\"default\" global_colors_info=\"{}\"][et_pb_column type=\"1_4\" _builder_version=\"4.9.4\" _module_preset=\"default\" global_colors_info=\"{}\"][et_pb_image src=\"https:\/\/delgadosaboritlab.com\/wp-content\/uploads\/2021\/10\/naila-lopez.jpg\" title_text=\"naila-lopez\" align=\"center\" _builder_version=\"4.11.1\" _module_preset=\"default\" border_radii=\"on|900px|900px|900px|900px\" global_colors_info=\"{}\"][\/et_pb_image][\/et_pb_column][et_pb_column type=\"3_4\" module_class=\"ds-vertical-align\" _builder_version=\"4.9.4\" _module_preset=\"default\" global_colors_info=\"{}\"][et_pb_text _builder_version=\"4.11.1\" _module_preset=\"default\" header_3_font=\"|600|||||||\" header_3_text_color=\"#317c93\" custom_margin=\"||10px||false|false\" global_colors_info=\"{}\"]<\/p>\n<h3>Naila L\u00f3pez Llorens<\/h3>\n<p>[\/et_pb_text][et_pb_text _builder_version=\"4.12.1\" _module_preset=\"default\" hover_enabled=\"0\" global_colors_info=\"{}\" sticky_enabled=\"0\"]<\/p>\n<p><strong>Naila L\u00f3pez Llorens<\/strong> holds a MSc in Valuation, Land Registry, Territorial Information Systems from the EPSO of Miguel Hern\u00e1ndez University (Spain). She graduated in Environmental Sciences from the Miguel Hern\u00e1ndez University of Elche (Spain). Her work focused on collecting samples to analyse genetic traces of SARS-CoV-2 in indoor and outdoor aerosols in Elche (Alicante). She is currently involved in science dissemination and delivering STEMM activities focused on recycling in primary and secondary schools.<\/p>\n<p>[\/et_pb_text][\/et_pb_column][\/et_pb_row][\/et_pb_section]<\/p>\n","protected":false},"excerpt":{"rendered":"<p>Naila L\u00f3pez LlorensNaila L\u00f3pez Llorens holds a MSc in Valuation, Land Registry, Territorial Information Systems from the EPSO of Miguel Hern\u00e1ndez University (Spain). She graduated in Environmental Sciences from the Miguel Hern\u00e1ndez University of Elche (Spain). Her work focused on collecting samples to analyse genetic traces of SARS-CoV-2 in indoor and outdoor aerosols in Elche [&hellip;]<\/p>\n","protected":false},"author":1,"featured_media":0,"parent":2028,"menu_order":0,"comment_status":"closed","ping_status":"closed","template":"","meta":{"_et_pb_use_builder":"on","_et_pb_old_content":"","_et_gb_content_width":"","inline_featured_image":false,"footnotes":""},"class_list":["post-2508","page","type-page","status-publish","hentry"],"_links":{"self":[{"href":"https:\/\/delgadosaboritlab.com\/en\/wp-json\/wp\/v2\/pages\/2508","targetHints":{"allow":["GET"]}}],"collection":[{"href":"https:\/\/delgadosaboritlab.com\/en\/wp-json\/wp\/v2\/pages"}],"about":[{"href":"https:\/\/delgadosaboritlab.com\/en\/wp-json\/wp\/v2\/types\/page"}],"author":[{"embeddable":true,"href":"https:\/\/delgadosaboritlab.com\/en\/wp-json\/wp\/v2\/users\/1"}],"replies":[{"embeddable":true,"href":"https:\/\/delgadosaboritlab.com\/en\/wp-json\/wp\/v2\/comments?post=2508"}],"version-history":[{"count":0,"href":"https:\/\/delgadosaboritlab.com\/en\/wp-json\/wp\/v2\/pages\/2508\/revisions"}],"up":[{"embeddable":true,"href":"https:\/\/delgadosaboritlab.com\/en\/wp-json\/wp\/v2\/pages\/2028"}],"wp:attachment":[{"href":"https:\/\/delgadosaboritlab.com\/en\/wp-json\/wp\/v2\/media?parent=2508"}],"curies":[{"name":"wp","href":"https:\/\/api.w.org\/{rel}","templated":true}]}}