{"id":2465,"date":"2021-05-10T08:39:26","date_gmt":"2021-05-10T08:39:26","guid":{"rendered":"https:\/\/delgadosaboritlab.com\/team\/dra-maria-angeles-querol-balaguer\/"},"modified":"2021-11-03T11:28:46","modified_gmt":"2021-11-03T11:28:46","slug":"dr-maria-angeles-querol-balaguer","status":"publish","type":"page","link":"https:\/\/delgadosaboritlab.com\/en\/team\/dr-maria-angeles-querol-balaguer\/","title":{"rendered":"Dr. Mar\u00eda \u00c1ngeles Querol Balaguer"},"content":{"rendered":"<p>[et_pb_section fb_built=\"1\" _builder_version=\"4.9.4\" _module_preset=\"default\" background_color=\"#fafbfc\" global_colors_info=\"{}\"][et_pb_row column_structure=\"1_4,3_4\" make_equal=\"on\" _builder_version=\"4.9.4\" _module_preset=\"default\" global_colors_info=\"{}\"][et_pb_column type=\"1_4\" _builder_version=\"4.9.4\" _module_preset=\"default\" global_colors_info=\"{}\"][et_pb_image title_text=\"dra\" align=\"center\" _builder_version=\"4.12.1\" _module_preset=\"default\" hover_enabled=\"0\" border_radii=\"on|900px|900px|900px|900px\" global_colors_info=\"{}\" src=\"https:\/\/delgadosaboritlab.com\/wp-content\/uploads\/2021\/11\/dra.png\" sticky_enabled=\"0\"][\/et_pb_image][\/et_pb_column][et_pb_column type=\"3_4\" module_class=\"ds-vertical-align\" _builder_version=\"4.9.4\" _module_preset=\"default\" global_colors_info=\"{}\"][et_pb_text _builder_version=\"4.11.1\" _module_preset=\"default\" header_3_font=\"|600|||||||\" header_3_text_color=\"#317c93\" custom_margin=\"||10px||false|false\" global_colors_info=\"{}\"]<\/p>\n<h3>Dr. Mar\u00eda \u00c1ngeles Querol Balaguer<\/h3>\n<p>[\/et_pb_text][et_pb_text _builder_version=\"4.11.1\" _module_preset=\"default\" global_colors_info=\"{}\"]<\/p>\n<p><strong>Dr Mar\u00eda \u00c1ngeles Querol Balaguer<\/strong> holds a PhD in Environmental Sciences from the Universitat Jaume I in Castell\u00f3n (Spain). In her doctoral research she conducted a comparative study of the levels, composition and origin of airborne pollution by aerosols in the ceramic cluster of the province of Castell\u00f3n. She is currently a secondary school teacher at Ribalta High School in Castell\u00f3n.<\/p>\n<p>[\/et_pb_text][\/et_pb_column][\/et_pb_row][\/et_pb_section]<\/p>\n","protected":false},"excerpt":{"rendered":"<p>Dr. Mar\u00eda \u00c1ngeles Querol BalaguerDr Mar\u00eda \u00c1ngeles Querol Balaguer holds a PhD in Environmental Sciences from the Universitat Jaume I in Castell\u00f3n (Spain). In her doctoral research she conducted a comparative study of the levels, composition and origin of airborne pollution by aerosols in the ceramic cluster of the province of Castell\u00f3n. She is currently [&hellip;]<\/p>\n","protected":false},"author":1,"featured_media":0,"parent":2028,"menu_order":0,"comment_status":"closed","ping_status":"closed","template":"","meta":{"_et_pb_use_builder":"on","_et_pb_old_content":"","_et_gb_content_width":"","inline_featured_image":false,"footnotes":""},"class_list":["post-2465","page","type-page","status-publish","hentry"],"_links":{"self":[{"href":"https:\/\/delgadosaboritlab.com\/en\/wp-json\/wp\/v2\/pages\/2465","targetHints":{"allow":["GET"]}}],"collection":[{"href":"https:\/\/delgadosaboritlab.com\/en\/wp-json\/wp\/v2\/pages"}],"about":[{"href":"https:\/\/delgadosaboritlab.com\/en\/wp-json\/wp\/v2\/types\/page"}],"author":[{"embeddable":true,"href":"https:\/\/delgadosaboritlab.com\/en\/wp-json\/wp\/v2\/users\/1"}],"replies":[{"embeddable":true,"href":"https:\/\/delgadosaboritlab.com\/en\/wp-json\/wp\/v2\/comments?post=2465"}],"version-history":[{"count":0,"href":"https:\/\/delgadosaboritlab.com\/en\/wp-json\/wp\/v2\/pages\/2465\/revisions"}],"up":[{"embeddable":true,"href":"https:\/\/delgadosaboritlab.com\/en\/wp-json\/wp\/v2\/pages\/2028"}],"wp:attachment":[{"href":"https:\/\/delgadosaboritlab.com\/en\/wp-json\/wp\/v2\/media?parent=2465"}],"curies":[{"name":"wp","href":"https:\/\/api.w.org\/{rel}","templated":true}]}}