{"id":1782,"date":"2021-06-07T07:57:24","date_gmt":"2021-06-07T07:57:24","guid":{"rendered":"https:\/\/delgadosaboritlab.com\/?page_id=1782"},"modified":"2021-11-04T14:22:24","modified_gmt":"2021-11-04T14:22:24","slug":"infrastructure","status":"publish","type":"page","link":"https:\/\/delgadosaboritlab.com\/en\/infrastructure\/","title":{"rendered":"Infrastructure"},"content":{"rendered":"<p>[et_pb_section fb_built=\"1\" fullwidth=\"on\" admin_label=\"Page Header\" _builder_version=\"4.9.4\" background_image=\"https:\/\/delgadosaboritlab.com\/wp-content\/uploads\/2021\/06\/infraestructura-jm-delgado.jpg\" parallax=\"on\" locked=\"off\" global_colors_info=\"{}\"][et_pb_fullwidth_header title=\"Infrastructure\" text_orientation=\"center\" admin_label=\"Hero Section\" _builder_version=\"4.12.1\" title_font=\"Montserrat|on|||\" title_font_size=\"60px\" title_line_height=\"1.4em\" content_font_size=\"22px\" content_line_height=\"1.8em\" subhead_font=\"||||\" background_color=\"rgba(255, 255, 255, 0)\" use_background_color_gradient=\"on\" background_color_gradient_start=\"rgba(49,124,147,0.8)\" background_color_gradient_end=\"rgba(49,124,147,0.5)\" custom_button_one=\"on\" button_one_text_size=\"16px\" button_one_bg_color=\"#6eba01\" button_one_border_width=\"2px\" button_one_border_color=\"#6eba01\" button_one_border_radius=\"0\" button_one_letter_spacing=\"2\" button_one_font=\"Montserrat|||on|\" button_one_use_icon=\"off\" custom_button_two=\"on\" button_two_text_size=\"16px\" button_two_border_width=\"2px\" button_two_border_color=\"#ffffff\" button_two_border_radius=\"0\" button_two_letter_spacing=\"2\" button_two_font=\"Montserrat|||on|\" button_two_use_icon=\"off\" module_alignment=\"left\" animation_style=\"fade\" hover_enabled=\"0\" button_one_text_color_hover=\"#6eba01\" button_two_text_color_hover=\"#6eba01\" button_one_border_color_hover=\"#ffffff\" button_two_border_color_hover=\"#ffffff\" button_one_border_radius_hover=\"0\" button_two_border_radius_hover=\"0\" button_one_letter_spacing_hover=\"2\" button_two_letter_spacing_hover=\"2\" button_one_bg_color_hover=\"#ffffff\" button_two_bg_color_hover=\"#ffffff\" global_colors_info=\"{}\" button_one_text_size__hover_enabled=\"off\" button_two_text_size__hover_enabled=\"off\" button_one_text_color__hover_enabled=\"on\" button_one_text_color__hover=\"#6eba01\" button_two_text_color__hover_enabled=\"on\" button_two_text_color__hover=\"#6eba01\" button_one_border_width__hover_enabled=\"off\" button_two_border_width__hover_enabled=\"off\" button_one_border_color__hover_enabled=\"on\" button_one_border_color__hover=\"#ffffff\" button_two_border_color__hover_enabled=\"on\" button_two_border_color__hover=\"#ffffff\" button_one_border_radius__hover_enabled=\"on\" button_one_border_radius__hover=\"0\" button_two_border_radius__hover_enabled=\"on\" button_two_border_radius__hover=\"0\" button_one_letter_spacing__hover_enabled=\"on\" button_one_letter_spacing__hover=\"2\" button_two_letter_spacing__hover_enabled=\"on\" button_two_letter_spacing__hover=\"2\" button_one_bg_color__hover_enabled=\"on\" button_one_bg_color__hover=\"#ffffff\" button_two_bg_color__hover_enabled=\"on\" button_two_bg_color__hover=\"#ffffff\" title_font_size_last_edited=\"on|tablet\" sticky_enabled=\"0\" title_font_size_tablet=\"28px\" title_font_size_phone=\"28px\"][\/et_pb_fullwidth_header][\/et_pb_section][et_pb_section fb_built=\"1\" _builder_version=\"4.9.4\" _module_preset=\"default\" background_color=\"#fafbfc\" global_colors_info=\"{}\"][et_pb_row column_structure=\"1_3,1_3,1_3\" _builder_version=\"4.9.4\" _module_preset=\"default\" global_colors_info=\"{}\"][et_pb_column type=\"1_3\" _builder_version=\"4.9.4\" _module_preset=\"default\" background_color=\"#FFFFFF\" custom_padding=\"30px|10px|30px|10px|true|true\" box_shadow_style=\"preset1\" box_shadow_color=\"rgba(49,124,147,0.1)\" global_colors_info=\"{}\"][et_pb_blurb title=\"Laboratory conditioned for gravimetric determinations\" image=\"https:\/\/delgadosaboritlab.com\/wp-content\/uploads\/2021\/06\/laboratorio.svg\" image_max_width=\"50%\" _builder_version=\"4.9.4\" _module_preset=\"default\" header_level=\"h3\" header_font=\"|700|||||||\" header_text_align=\"center\" header_text_color=\"#317c93\" header_font_size=\"20px\" header_line_height=\"1.4em\" custom_css_blurb_image=\"max-width:100px;\" global_colors_info=\"{}\"][\/et_pb_blurb][\/et_pb_column][et_pb_column type=\"1_3\" _builder_version=\"4.9.4\" _module_preset=\"default\" background_color=\"#FFFFFF\" custom_padding=\"30px|10px|30px|10px|true|true\" box_shadow_style=\"preset1\" box_shadow_color=\"rgba(49,124,147,0.1)\" global_colors_info=\"{}\"][et_pb_blurb title=\"Atmospheric characterization mobile unit\" image=\"https:\/\/delgadosaboritlab.com\/wp-content\/uploads\/2021\/10\/van-lab.svg\" _builder_version=\"4.11.1\" _module_preset=\"default\" header_level=\"h3\" header_font=\"|700|||||||\" header_text_align=\"center\" header_text_color=\"#317c93\" header_font_size=\"20px\" header_line_height=\"1.4em\" custom_css_blurb_image=\"max-width:100px;\" global_colors_info=\"{}\"][\/et_pb_blurb][\/et_pb_column][et_pb_column type=\"1_3\" _builder_version=\"4.9.4\" _module_preset=\"default\" background_color=\"#FFFFFF\" custom_padding=\"30px|10px|30px|10px|true|true\" box_shadow_style=\"preset1\" box_shadow_color=\"rgba(49,124,147,0.1)\" global_colors_info=\"{}\"][et_pb_blurb title=\"Glovebox\" image=\"https:\/\/delgadosaboritlab.com\/wp-content\/uploads\/2021\/06\/guantes.svg\" image_max_width=\"50%\" _builder_version=\"4.9.4\" _module_preset=\"default\" header_level=\"h3\" header_font=\"|700|||||||\" header_text_align=\"center\" header_text_color=\"#317c93\" header_font_size=\"20px\" header_line_height=\"1.4em\" custom_css_blurb_image=\"max-width:100px;\" global_colors_info=\"{}\"][\/et_pb_blurb][\/et_pb_column][\/et_pb_row][et_pb_row make_equal=\"on\" _builder_version=\"4.9.4\" _module_preset=\"default\" background_color=\"#FFFFFF\" custom_margin=\"50px||||false|false\" custom_padding=\"|30px||30px|false|false\" box_shadow_style=\"preset1\" box_shadow_color=\"rgba(49,124,147,0.1)\" global_colors_info=\"{}\"][et_pb_column type=\"4_4\" module_class=\"ds-vertical-align\" _builder_version=\"4.9.4\" _module_preset=\"default\" global_colors_info=\"{}\"][et_pb_gallery gallery_ids=\"1761,1757,1763,1751,1774,1765\" posts_number=\"2\" show_title_and_caption=\"off\" disabled_on=\"on|on|on\" _builder_version=\"4.11.1\" _module_preset=\"default\" disabled=\"on\" global_colors_info=\"{}\"][\/et_pb_gallery][et_pb_text _builder_version=\"4.11.1\" _module_preset=\"default\" header_3_font=\"|600|||||||\" header_3_text_color=\"#317c93\" header_3_font_size=\"26px\" custom_padding=\"||20px||false|false\" global_colors_info=\"{}\"]<\/p>\n<h3>Instrumentation for air quality assessment:<\/h3>\n<p>[\/et_pb_text][et_pb_text ul_type=\"circle\" _builder_version=\"4.11.1\" _module_preset=\"default\" ul_text_color=\"#317c93\" global_colors_info=\"{}\"]<\/p>\n<ul>\n<li><span style=\"color: #333333;\">MCV High Volume Samplers<\/span><\/li>\n<li><span style=\"color: #333333;\">MCV Medium Volume Samplers<\/span><\/li>\n<li><span style=\"color: #333333;\">MCV Medium Volume Sampler with Cascade Impactor<\/span><\/li>\n<li><span style=\"color: #333333;\">MCV Medium Volume Sampler with sequential head<\/span><\/li>\n<li><span style=\"color: #333333;\">Derenda Low Volume Samplers<\/span><\/li>\n<li><span style=\"color: #333333;\">Partisol Low Volume Sampler<\/span><\/li>\n<li><span style=\"color: #333333;\">Tisch High Volume Sampler<\/span><\/li>\n<li><span style=\"color: #333333;\">Casella Apex2 y Apex Personal Pumps<\/span><\/li>\n<li><span style=\"color: #333333;\">Personal sampling cyclones PM<sub>2.5<\/sub><\/span><\/li>\n<li><span style=\"color: #333333;\">PCE-PCO 2 particle number sensor<\/span><\/li>\n<li><span style=\"color: #333333;\">Reflectometer for the determination of BS.<\/span><\/li>\n<li><span style=\"color: #333333;\">CO<sub>2<\/sub> sensor<\/span><\/li>\n<li><span style=\"color: #333333;\">CAI 600 Series CO \/ CO<sub>2<\/sub> analyser<\/span><\/li>\n<\/ul>\n<p>[\/et_pb_text][\/et_pb_column][\/et_pb_row][et_pb_row column_structure=\"2_3,1_3\" make_equal=\"on\" disabled_on=\"on|on|on\" _builder_version=\"4.11.1\" _module_preset=\"default\" background_color=\"#FFFFFF\" custom_margin=\"50px||||false|false\" custom_padding=\"|30px||30px|false|false\" box_shadow_style=\"preset1\" box_shadow_color=\"rgba(49,124,147,0.1)\" disabled=\"on\" global_colors_info=\"{}\"][et_pb_column type=\"2_3\" _builder_version=\"4.9.4\" _module_preset=\"default\" global_colors_info=\"{}\"][et_pb_text _builder_version=\"4.9.4\" _module_preset=\"default\" header_3_font=\"|600|||||||\" header_3_text_color=\"#317c93\" header_3_font_size=\"26px\" global_colors_info=\"{}\"]<\/p>\n<h3>Gas characterization instrumentation:<\/h3>\n<p>[\/et_pb_text][et_pb_text ul_type=\"circle\" _builder_version=\"4.9.4\" _module_preset=\"default\" ul_text_color=\"#317c93\" global_colors_info=\"{}\"]<\/p>\n<ul>\n<li><span style=\"color: #333333;\">CO<sub>2<\/sub> sensor<\/span><\/li>\n<li><span style=\"color: #333333;\">CAI 600 Series CO \/ CO<sub>2<\/sub> analyser<\/span><\/li>\n<\/ul>\n<p>[\/et_pb_text][\/et_pb_column][et_pb_column type=\"1_3\" _builder_version=\"4.9.4\" _module_preset=\"default\" global_colors_info=\"{}\"][et_pb_gallery gallery_ids=\"1767,1755\" posts_number=\"1\" show_title_and_caption=\"off\" _builder_version=\"4.9.4\" _module_preset=\"default\" global_colors_info=\"{}\"][\/et_pb_gallery][\/et_pb_column][\/et_pb_row][et_pb_row make_equal=\"on\" disabled_on=\"on|on|on\" _builder_version=\"4.11.1\" _module_preset=\"default\" background_color=\"#FFFFFF\" custom_margin=\"50px||||false|false\" custom_padding=\"|30px||30px|false|false\" box_shadow_style=\"preset1\" box_shadow_color=\"rgba(49,124,147,0.1)\" disabled=\"on\" global_colors_info=\"{}\"][et_pb_column type=\"4_4\" _builder_version=\"4.9.4\" _module_preset=\"default\" global_colors_info=\"{}\"][et_pb_text _builder_version=\"4.9.4\" _module_preset=\"default\" header_3_font=\"|600|||||||\" header_3_text_color=\"#317c93\" header_3_font_size=\"26px\" global_colors_info=\"{}\"]<\/p>\n<h3>Instrumentation characterization of chemical composition<\/h3>\n<p>[\/et_pb_text][et_pb_text ul_type=\"circle\" _builder_version=\"4.9.4\" _module_preset=\"default\" ul_text_color=\"#317c93\" global_colors_info=\"{}\"]<\/p>\n<ul>\n<li><span style=\"color: #333333;\">Reflectometer for the determination of BS.<\/span><\/li>\n<\/ul>\n<p>[\/et_pb_text][\/et_pb_column][\/et_pb_row][et_pb_row make_equal=\"on\" _builder_version=\"4.9.4\" _module_preset=\"default\" background_color=\"#FFFFFF\" custom_margin=\"50px||||false|false\" custom_padding=\"|30px||30px|false|false\" box_shadow_style=\"preset1\" box_shadow_color=\"rgba(49,124,147,0.1)\" global_colors_info=\"{}\"][et_pb_column type=\"4_4\" _builder_version=\"4.9.4\" _module_preset=\"default\" global_colors_info=\"{}\"][et_pb_text _builder_version=\"4.9.4\" _module_preset=\"default\" header_3_font=\"|600|||||||\" header_3_text_color=\"#317c93\" global_colors_info=\"{}\"]<\/p>\n<h3>Instrumentation biochemical analysis and biomarkers<\/h3>\n<p>[\/et_pb_text][et_pb_text ul_type=\"circle\" _builder_version=\"4.9.4\" _module_preset=\"default\" ul_text_color=\"#317c93\" global_colors_info=\"{}\"]<\/p>\n<ul>\n<li><span style=\"color: #333333;\">ELISA plate reader<\/span><\/li>\n<li><span style=\"color: #333333;\">qPCR Thermal cycler Step One Plus<\/span><\/li>\n<li><span style=\"color: #333333;\">Refrigerated centrifuge Sorvall\u2122 ST 8<\/span><\/li>\n<li><span style=\"color: #333333;\">Ultra-freezer 80\u00baC for storing biological samples<\/span><\/li>\n<li><span style=\"color: #333333;\">Vitalograph Peak flow meter<\/span><\/li>\n<li><span style=\"color: #333333;\">Actigraph accelerometer<\/span><\/li>\n<\/ul>\n<p>[\/et_pb_text][et_pb_gallery gallery_ids=\"1796\" posts_number=\"1\" show_title_and_caption=\"off\" disabled_on=\"on|on|on\" _builder_version=\"4.11.1\" _module_preset=\"default\" disabled=\"on\" global_colors_info=\"{}\"][\/et_pb_gallery][\/et_pb_column][\/et_pb_row][\/et_pb_section]<\/p>\n","protected":false},"excerpt":{"rendered":"<p>Instrumentation for air quality assessment: MCV High Volume Samplers MCV Medium Volume Samplers MCV Medium Volume Sampler with Cascade Impactor MCV Medium Volume Sampler with sequential head Derenda Low Volume Samplers Partisol Low Volume Sampler Tisch High Volume Sampler Casella Apex2 y Apex Personal Pumps Personal sampling cyclones PM2.5 PCE-PCO 2 particle number sensor Reflectometer [&hellip;]<\/p>\n","protected":false},"author":1,"featured_media":0,"parent":0,"menu_order":0,"comment_status":"closed","ping_status":"closed","template":"","meta":{"_et_pb_use_builder":"on","_et_pb_old_content":"<p>[et_pb_section fb_built=\"1\" fullwidth=\"on\" admin_label=\"Page Header\" _builder_version=\"4.9.4\" background_image=\"https:\/\/delgadosaboritlab.com\/wp-content\/uploads\/2021\/05\/publicaciones.jpg\" parallax=\"on\" locked=\"off\"][et_pb_fullwidth_header title=\"Infraestructura\" text_orientation=\"center\" admin_label=\"Hero Section\" _builder_version=\"4.9.4\" title_font=\"Montserrat|on|||\" title_font_size=\"60px\" title_line_height=\"1.4em\" content_font_size=\"22px\" content_line_height=\"1.8em\" subhead_font=\"||||\" background_color=\"rgba(255, 255, 255, 0)\" use_background_color_gradient=\"on\" background_color_gradient_start=\"rgba(49,124,147,0.8)\" background_color_gradient_end=\"rgba(49,124,147,0.5)\" custom_button_one=\"on\" button_one_text_size=\"16px\" button_one_bg_color=\"#6eba01\" button_one_border_width=\"2px\" button_one_border_color=\"#6eba01\" button_one_border_radius=\"0\" button_one_letter_spacing=\"2\" button_one_font=\"Montserrat|||on|\" button_one_use_icon=\"off\" custom_button_two=\"on\" button_two_text_size=\"16px\" button_two_border_width=\"2px\" button_two_border_color=\"#ffffff\" button_two_border_radius=\"0\" button_two_letter_spacing=\"2\" button_two_font=\"Montserrat|||on|\" button_two_use_icon=\"off\" module_alignment=\"left\" animation_style=\"fade\" button_one_text_color_hover=\"#6eba01\" button_two_text_color_hover=\"#6eba01\" button_one_border_color_hover=\"#ffffff\" button_two_border_color_hover=\"#ffffff\" button_one_border_radius_hover=\"0\" button_two_border_radius_hover=\"0\" button_one_letter_spacing_hover=\"2\" button_two_letter_spacing_hover=\"2\" button_one_bg_color_hover=\"#ffffff\" button_two_bg_color_hover=\"#ffffff\" button_one_text_size__hover_enabled=\"off\" button_two_text_size__hover_enabled=\"off\" button_one_text_color__hover_enabled=\"on\" button_one_text_color__hover=\"#6eba01\" button_two_text_color__hover_enabled=\"on\" button_two_text_color__hover=\"#6eba01\" button_one_border_width__hover_enabled=\"off\" button_two_border_width__hover_enabled=\"off\" button_one_border_color__hover_enabled=\"on\" button_one_border_color__hover=\"#ffffff\" button_two_border_color__hover_enabled=\"on\" button_two_border_color__hover=\"#ffffff\" button_one_border_radius__hover_enabled=\"on\" button_one_border_radius__hover=\"0\" button_two_border_radius__hover_enabled=\"on\" button_two_border_radius__hover=\"0\" button_one_letter_spacing__hover_enabled=\"on\" button_one_letter_spacing__hover=\"2\" button_two_letter_spacing__hover_enabled=\"on\" button_two_letter_spacing__hover=\"2\" button_one_bg_color__hover_enabled=\"on\" button_one_bg_color__hover=\"#ffffff\" button_two_bg_color__hover_enabled=\"on\" button_two_bg_color__hover=\"#ffffff\"][\/et_pb_fullwidth_header][\/et_pb_section][et_pb_section fb_built=\"1\" _builder_version=\"4.9.4\" _module_preset=\"default\" background_color=\"#fafbfc\"][et_pb_row column_structure=\"1_3,1_3,1_3\" make_equal=\"on\" _builder_version=\"4.9.4\" _module_preset=\"default\"][et_pb_column type=\"1_3\" _builder_version=\"4.9.4\" _module_preset=\"default\" background_color=\"#FFFFFF\" custom_padding=\"30px|10px|30px|10px|true|true\" box_shadow_style=\"preset1\" box_shadow_color=\"rgba(49,124,147,0.1)\"][et_pb_blurb title=\"Laboratorio acondicionado para determinaci\u00f3n gravim\u00e9trica\" image=\"https:\/\/delgadosaboritlab.com\/wp-content\/uploads\/2021\/06\/research.png\" image_max_width=\"50%\" _builder_version=\"4.9.4\" _module_preset=\"default\" header_level=\"h3\" header_text_align=\"center\" header_text_color=\"#317c93\" header_line_height=\"1.4em\"][\/et_pb_blurb][\/et_pb_column][et_pb_column type=\"1_3\" _builder_version=\"4.9.4\" _module_preset=\"default\" background_color=\"#FFFFFF\" custom_padding=\"30px|10px|30px|10px|true|true\" box_shadow_style=\"preset1\" box_shadow_color=\"rgba(49,124,147,0.1)\" global_colors_info=\"{}\"][et_pb_blurb title=\"Unidad m\u00f3vil de caracterizaci\u00f3n atmosf\u00e9rica\" image=\"https:\/\/delgadosaboritlab.com\/wp-content\/uploads\/2021\/06\/monitor.png\" image_max_width=\"50%\" _builder_version=\"4.9.4\" _module_preset=\"default\" header_level=\"h3\" header_text_align=\"center\" header_text_color=\"#317c93\" header_line_height=\"1.4em\"][\/et_pb_blurb][\/et_pb_column][et_pb_column type=\"1_3\" _builder_version=\"4.9.4\" _module_preset=\"default\" background_color=\"#FFFFFF\" custom_padding=\"30px|10px|30px|10px|true|true\" box_shadow_style=\"preset1\" box_shadow_color=\"rgba(49,124,147,0.1)\" global_colors_info=\"{}\"][et_pb_blurb title=\"Cabina de guantes\" image=\"https:\/\/delgadosaboritlab.com\/wp-content\/uploads\/2021\/06\/baby-incubators.png\" image_max_width=\"50%\" _builder_version=\"4.9.4\" _module_preset=\"default\" header_level=\"h3\" header_text_align=\"center\" header_text_color=\"#317c93\" header_line_height=\"1.4em\"][\/et_pb_blurb][\/et_pb_column][\/et_pb_row][\/et_pb_section][et_pb_section fb_built=\"1\" _builder_version=\"4.9.4\" _module_preset=\"default\" hover_enabled=\"0\" module_id=\"instrumentacion\" sticky_enabled=\"0\"][et_pb_row column_structure=\"1_3,2_3\" make_equal=\"on\" _builder_version=\"4.9.4\" _module_preset=\"default\" background_color=\"#FFFFFF\" custom_margin=\"||||false|false\" custom_padding=\"|30px||30px|false|false\" box_shadow_style=\"preset1\" box_shadow_color=\"rgba(49,124,147,0.1)\"][et_pb_column type=\"1_3\" module_class=\"ds-vertical-align\" _builder_version=\"4.9.4\" _module_preset=\"default\"][et_pb_gallery gallery_ids=\"1761,1757,1763,1751,1774,1765\" posts_number=\"2\" show_title_and_caption=\"off\" _builder_version=\"4.9.4\" _module_preset=\"default\"][\/et_pb_gallery][\/et_pb_column][et_pb_column type=\"2_3\" _builder_version=\"4.9.4\" _module_preset=\"default\" custom_padding=\"|||30px|false|false\"][et_pb_text _builder_version=\"4.9.4\" _module_preset=\"default\" header_3_font=\"|600|||||||\" header_3_text_color=\"#317c93\" header_3_font_size=\"26px\" custom_padding=\"||20px||false|false\"]<\/p><h3>Instrumentaci\u00f3n caracterizaci\u00f3n de aerosoles:<\/h3><p>[\/et_pb_text][et_pb_text ul_type=\"circle\" _builder_version=\"4.9.4\" _module_preset=\"default\" ul_text_color=\"#317c93\"]<\/p><ul><li><span style=\"color: #333333;\">Muestreadores de Alto volumen MCV<\/span><\/li><li><span style=\"color: #333333;\">Muestreadores de Medio volumen MCV<\/span><\/li><li><span style=\"color: #333333;\">Muestreador de Medio volumen MCV con impactador de cascada<\/span><\/li><li><span style=\"color: #333333;\">Muestreador de Medio volumen MCV con cabezal secuencial<\/span><\/li><li><span style=\"color: #333333;\">Muestreadores de Bajo volumen Derenda<\/span><\/li><li><span style=\"color: #333333;\">Muestreadores de Bajo volumen Partisol<\/span><\/li><li><span style=\"color: #333333;\">Muestreador de Alto volumen Tisch<\/span><\/li><li><span style=\"color: #333333;\">Bombas personales Casella Apex2<\/span><\/li><li><span style=\"color: #333333;\">Ciclones de muestreo personal PM<sub>2.5<\/sub><\/span><\/li><li><span style=\"color: #333333;\">Sensor de n\u00famero de part\u00edculas PCE-PCO 2<\/span><\/li><\/ul><p>[\/et_pb_text][\/et_pb_column][\/et_pb_row][et_pb_row column_structure=\"2_3,1_3\" make_equal=\"on\" _builder_version=\"4.9.4\" _module_preset=\"default\" background_color=\"#FFFFFF\" custom_margin=\"50px||||false|false\" custom_padding=\"|30px||30px|false|false\" box_shadow_style=\"preset1\" box_shadow_color=\"rgba(49,124,147,0.1)\"][et_pb_column type=\"2_3\" _builder_version=\"4.9.4\" _module_preset=\"default\"][et_pb_text _builder_version=\"4.9.4\" _module_preset=\"default\" header_3_font=\"|600|||||||\" header_3_text_color=\"#317c93\" header_3_font_size=\"26px\"]<\/p><h3>Instrumentaci\u00f3n caracterizaci\u00f3n de gases:<\/h3><p>[\/et_pb_text][et_pb_text ul_type=\"circle\" _builder_version=\"4.9.4\" _module_preset=\"default\" ul_text_color=\"#317c93\"]<\/p><ul><li style=\"list-style-type: none;\"><ul><li><span style=\"color: #333333;\">Sensor de CO<sub>2<\/sub><\/span><\/li><\/ul><\/li><\/ul><p> <\/p><ul><li><span style=\"color: #333333;\">CAI 600 Series Analizador de CO\/CO<sub>2<\/sub><\/span><\/li><\/ul><p>[\/et_pb_text][\/et_pb_column][et_pb_column type=\"1_3\" _builder_version=\"4.9.4\" _module_preset=\"default\"][et_pb_gallery gallery_ids=\"1767,1755\" posts_number=\"1\" show_title_and_caption=\"off\" _builder_version=\"4.9.4\" _module_preset=\"default\"][\/et_pb_gallery][\/et_pb_column][\/et_pb_row][et_pb_row make_equal=\"on\" _builder_version=\"4.9.4\" _module_preset=\"default\" background_color=\"#FFFFFF\" custom_margin=\"50px||||false|false\" custom_padding=\"|30px||30px|false|false\" box_shadow_style=\"preset1\" box_shadow_color=\"rgba(49,124,147,0.1)\"][et_pb_column type=\"4_4\" _builder_version=\"4.9.4\" _module_preset=\"default\"][et_pb_text _builder_version=\"4.9.4\" _module_preset=\"default\" header_3_font=\"|600|||||||\" header_3_text_color=\"#317c93\" header_3_font_size=\"26px\"]<\/p><h3>Instrumentaci\u00f3n caracterizaci\u00f3n de composici\u00f3n qu\u00edmica<\/h3><p>[\/et_pb_text][et_pb_text ul_type=\"circle\" _builder_version=\"4.9.4\" _module_preset=\"default\" ul_text_color=\"#317c93\"]<\/p><ul><li><span style=\"color: #333333;\">Reflect\u00f3metro determinaci\u00f3n de BS.<\/span><\/li><\/ul><p>[\/et_pb_text][\/et_pb_column][\/et_pb_row][et_pb_row column_structure=\"3_4,1_4\" make_equal=\"on\" _builder_version=\"4.9.4\" _module_preset=\"default\" background_color=\"#FFFFFF\" custom_margin=\"50px||||false|false\" custom_padding=\"|30px||30px|false|false\" box_shadow_style=\"preset1\" box_shadow_color=\"rgba(49,124,147,0.1)\"][et_pb_column type=\"3_4\" _builder_version=\"4.9.4\" _module_preset=\"default\"][et_pb_text _builder_version=\"4.9.4\" _module_preset=\"default\" header_3_font=\"|600|||||||\" header_3_text_color=\"#317c93\"]<\/p><h3>Instrumentaci\u00f3n an\u00e1lisis bioqu\u00edmica y biomarcadores<\/h3><p>[\/et_pb_text][et_pb_text ul_type=\"circle\" _builder_version=\"4.9.4\" _module_preset=\"default\" ul_text_color=\"#317c93\"]<\/p><ul><li><span style=\"color: #333333;\">ELISA plate reader<\/span><\/li><li><span style=\"color: #333333;\">Termociclador qPCR Step One Plus<\/span><\/li><li><span style=\"color: #333333;\">Centrifuga refrigerada Sorvall\u2122 ST 8<\/span><\/li><li><span style=\"color: #333333;\">Ultracongelador 80\u00baC para muestras biol\u00f3gicas<\/span><\/li><li><span style=\"color: #333333;\">Espir\u00f3metro Vitalograph<\/span><\/li><li><span style=\"color: #333333;\">Actigraph acceler\u00f3metro<\/span><\/li><\/ul><p>[\/et_pb_text][\/et_pb_column][et_pb_column type=\"1_4\" _builder_version=\"4.9.4\" _module_preset=\"default\"][et_pb_gallery gallery_ids=\"1759\" posts_number=\"1\" show_title_and_caption=\"off\" _builder_version=\"4.9.4\" _module_preset=\"default\"][\/et_pb_gallery][\/et_pb_column][\/et_pb_row][\/et_pb_section][et_pb_section fb_built=\"1\" _builder_version=\"4.9.4\" _module_preset=\"default\"][\/et_pb_section]<\/p>","_et_gb_content_width":"","inline_featured_image":false,"footnotes":""},"class_list":["post-1782","page","type-page","status-publish","hentry"],"_links":{"self":[{"href":"https:\/\/delgadosaboritlab.com\/en\/wp-json\/wp\/v2\/pages\/1782","targetHints":{"allow":["GET"]}}],"collection":[{"href":"https:\/\/delgadosaboritlab.com\/en\/wp-json\/wp\/v2\/pages"}],"about":[{"href":"https:\/\/delgadosaboritlab.com\/en\/wp-json\/wp\/v2\/types\/page"}],"author":[{"embeddable":true,"href":"https:\/\/delgadosaboritlab.com\/en\/wp-json\/wp\/v2\/users\/1"}],"replies":[{"embeddable":true,"href":"https:\/\/delgadosaboritlab.com\/en\/wp-json\/wp\/v2\/comments?post=1782"}],"version-history":[{"count":0,"href":"https:\/\/delgadosaboritlab.com\/en\/wp-json\/wp\/v2\/pages\/1782\/revisions"}],"wp:attachment":[{"href":"https:\/\/delgadosaboritlab.com\/en\/wp-json\/wp\/v2\/media?parent=1782"}],"curies":[{"name":"wp","href":"https:\/\/api.w.org\/{rel}","templated":true}]}}