{"id":1600,"date":"2021-06-02T13:54:44","date_gmt":"2021-06-02T13:54:44","guid":{"rendered":"https:\/\/delgadosaboritlab.com\/antiguos-miembros\/"},"modified":"2025-02-26T11:46:00","modified_gmt":"2025-02-26T11:46:00","slug":"former-members","status":"publish","type":"page","link":"https:\/\/delgadosaboritlab.com\/en\/former-members\/","title":{"rendered":"Former members"},"content":{"rendered":"<p>[et_pb_section fb_built=\"1\" fullwidth=\"on\" admin_label=\"Page Header\" _builder_version=\"4.16\" background_image=\"https:\/\/delgadosaboritlab.com\/wp-content\/uploads\/2021\/06\/equipo-colaboradores-investigacion.jpg\" parallax=\"on\" locked=\"off\" global_colors_info=\"{}\"][et_pb_fullwidth_header title=\"Former Members\" text_orientation=\"center\" admin_label=\"Hero Section\" _builder_version=\"4.16\" title_font=\"Montserrat|on|||\" title_font_size=\"60px\" title_line_height=\"1.4em\" content_font_size=\"22px\" content_line_height=\"1.8em\" subhead_font=\"||||\" background_color=\"rgba(255, 255, 255, 0)\" use_background_color_gradient=\"on\" background_color_gradient_stops=\"rgba(49,124,147,0.8) 0%|rgba(49,124,147,0.5) 100%\" background_color_gradient_start=\"rgba(49,124,147,0.8)\" background_color_gradient_end=\"rgba(49,124,147,0.5)\" custom_button_one=\"on\" button_one_text_size=\"16px\" button_one_bg_color=\"#6eba01\" button_one_border_width=\"2px\" button_one_border_color=\"#6eba01\" button_one_border_radius=\"0\" button_one_letter_spacing=\"2\" button_one_font=\"Montserrat|||on|\" button_one_use_icon=\"off\" custom_button_two=\"on\" button_two_text_size=\"16px\" button_two_border_width=\"2px\" button_two_border_color=\"#ffffff\" button_two_border_radius=\"0\" button_two_letter_spacing=\"2\" button_two_font=\"Montserrat|||on|\" button_two_use_icon=\"off\" module_alignment=\"left\" animation_style=\"fade\" title_font_size_tablet=\"28px\" title_font_size_phone=\"28px\" title_font_size_last_edited=\"on|phone\" button_one_text_color_hover=\"#6eba01\" button_two_text_color_hover=\"#6eba01\" button_one_border_color_hover=\"#ffffff\" button_two_border_color_hover=\"#ffffff\" button_one_border_radius_hover=\"0\" button_two_border_radius_hover=\"0\" button_one_letter_spacing_hover=\"2\" button_two_letter_spacing_hover=\"2\" button_one_bg_color_hover=\"#ffffff\" button_two_bg_color_hover=\"#ffffff\" global_colors_info=\"{}\" button_one_text_size__hover_enabled=\"off\" button_two_text_size__hover_enabled=\"off\" button_one_text_color__hover_enabled=\"on\" button_one_text_color__hover=\"#6eba01\" button_two_text_color__hover_enabled=\"on\" button_two_text_color__hover=\"#6eba01\" button_one_border_width__hover_enabled=\"off\" button_two_border_width__hover_enabled=\"off\" button_one_border_color__hover_enabled=\"on\" button_one_border_color__hover=\"#ffffff\" button_two_border_color__hover_enabled=\"on\" button_two_border_color__hover=\"#ffffff\" button_one_border_radius__hover_enabled=\"on\" button_one_border_radius__hover=\"0\" button_two_border_radius__hover_enabled=\"on\" button_two_border_radius__hover=\"0\" button_one_letter_spacing__hover_enabled=\"on\" button_one_letter_spacing__hover=\"2\" button_two_letter_spacing__hover_enabled=\"on\" button_two_letter_spacing__hover=\"2\" button_one_bg_color__hover_enabled=\"on\" button_one_bg_color__hover=\"#ffffff\" button_two_bg_color__hover_enabled=\"on\" button_two_bg_color__hover=\"#ffffff\"][\/et_pb_fullwidth_header][\/et_pb_section][et_pb_section fb_built=\"1\" _builder_version=\"4.16\" _module_preset=\"default\" global_colors_info=\"{}\"][et_pb_row column_structure=\"1_4,1_4,1_4,1_4\" _builder_version=\"4.16\" _module_preset=\"default\" custom_padding=\"||0px||false|false\" global_colors_info=\"{}\"][et_pb_column type=\"1_4\" _builder_version=\"4.16\" _module_preset=\"default\" global_colors_info=\"{}\"][et_pb_blurb title=\"Dr. Tuan Vu\" image=\"https:\/\/delgadosaboritlab.com\/wp-content\/uploads\/2021\/10\/tuan.jpg\" _builder_version=\"4.16\" _module_preset=\"default\" header_font=\"|600|||||||\" header_text_align=\"center\" header_text_color=\"#317c93\" link_option_url=\"https:\/\/delgadosaboritlab.com\/en\/team\/dr-tuan-vu\/\" border_radii_image=\"on|900px|900px|900px|900px\" global_colors_info=\"{}\"][\/et_pb_blurb][\/et_pb_column][et_pb_column type=\"1_4\" _builder_version=\"4.16\" _module_preset=\"default\" global_colors_info=\"{}\"][et_pb_blurb title=\"Dra. Lami Karimatu Abdullahi\" image=\"https:\/\/delgadosaboritlab.com\/wp-content\/uploads\/2021\/10\/karima.jpg\" _builder_version=\"4.16\" _module_preset=\"default\" header_font=\"|600|||||||\" header_text_align=\"center\" header_text_color=\"#317c93\" link_option_url=\"https:\/\/delgadosaboritlab.com\/en\/team\/dr-lami-karimatu-abdullahi\/\" border_radii_image=\"on|900px|900px|900px|900px\" global_colors_info=\"{}\"][\/et_pb_blurb][\/et_pb_column][et_pb_column type=\"1_4\" _builder_version=\"4.16\" _module_preset=\"default\" global_colors_info=\"{}\"][et_pb_blurb title=\"Dra. B\u00e1rbara Mac\u00edas Hern\u00e1ndez\" image=\"https:\/\/delgadosaboritlab.com\/wp-content\/uploads\/2021\/10\/barbara.jpg\" _builder_version=\"4.16\" _module_preset=\"default\" header_font=\"|600|||||||\" header_text_align=\"center\" header_text_color=\"#317c93\" link_option_url=\"https:\/\/delgadosaboritlab.com\/en\/team\/dr-barbara-macias-hernandez\/\" border_radii_image=\"on|900px|900px|900px|900px\" global_colors_info=\"{}\"][\/et_pb_blurb][\/et_pb_column][et_pb_column type=\"1_4\" _builder_version=\"4.16\" _module_preset=\"default\" global_colors_info=\"{}\"][et_pb_blurb title=\"Dr. Massimiliano Mascelloni\" image=\"https:\/\/delgadosaboritlab.com\/wp-content\/uploads\/2021\/10\/max.jpg\" _builder_version=\"4.16\" _module_preset=\"default\" header_font=\"|600|||||||\" header_text_align=\"center\" header_text_color=\"#317c93\" link_option_url=\"https:\/\/delgadosaboritlab.com\/en\/team\/dr-massimiliano-mascelloni\/\" border_radii_image=\"on|900px|900px|900px|900px\" global_colors_info=\"{}\"][\/et_pb_blurb][\/et_pb_column][\/et_pb_row][et_pb_row column_structure=\"1_4,1_4,1_4,1_4\" _builder_version=\"4.16\" _module_preset=\"default\" custom_padding=\"||0px||false|false\" global_colors_info=\"{}\"][et_pb_column type=\"1_4\" _builder_version=\"4.16\" _module_preset=\"default\" global_colors_info=\"{}\"][et_pb_blurb title=\"Dr. Paul Sanderson\" image=\"https:\/\/delgadosaboritlab.com\/wp-content\/uploads\/2021\/10\/paul.jpg\" _builder_version=\"4.16\" _module_preset=\"default\" header_font=\"|600|||||||\" header_text_align=\"center\" header_text_color=\"#317c93\" link_option_url=\"https:\/\/delgadosaboritlab.com\/en\/team\/dr-paul-sanderson\/\" border_radii_image=\"on|900px|900px|900px|900px\" global_colors_info=\"{}\"][\/et_pb_blurb][\/et_pb_column][et_pb_column type=\"1_4\" _builder_version=\"4.16\" _module_preset=\"default\" global_colors_info=\"{}\"][et_pb_blurb title=\"Sergio Rodrigo Manivesa\" image=\"https:\/\/delgadosaboritlab.com\/wp-content\/uploads\/2021\/10\/sergio-rodrigo.jpg\" _builder_version=\"4.16\" _module_preset=\"default\" header_font=\"|600|||||||\" header_text_align=\"center\" header_text_color=\"#317c93\" link_option_url=\"https:\/\/delgadosaboritlab.com\/en\/team\/sergio-rodrigo-manivesa\/\" border_radii_image=\"on|900px|900px|900px|900px\" global_colors_info=\"{}\"][\/et_pb_blurb][\/et_pb_column][et_pb_column type=\"1_4\" _builder_version=\"4.16\" _module_preset=\"default\" global_colors_info=\"{}\"][et_pb_blurb title=\"Dra. Adobi Okam\" image=\"https:\/\/delgadosaboritlab.com\/wp-content\/uploads\/2021\/11\/dra.png\" _builder_version=\"4.16\" _module_preset=\"default\" header_font=\"|600|||||||\" header_text_align=\"center\" header_text_color=\"#317c93\" link_option_url=\"https:\/\/delgadosaboritlab.com\/en\/team\/dr-adobi-okam\/\" border_radii_image=\"on|900px|900px|900px|900px\" global_colors_info=\"{}\"][\/et_pb_blurb][\/et_pb_column][et_pb_column type=\"1_4\" _builder_version=\"4.16\" _module_preset=\"default\" global_colors_info=\"{}\"][et_pb_blurb title=\"Dra. Mar\u00eda \u00c1ngeles Querol Balaguer\" image=\"https:\/\/delgadosaboritlab.com\/wp-content\/uploads\/2021\/11\/dra.png\" _builder_version=\"4.16\" _module_preset=\"default\" header_font=\"|600|||||||\" header_text_align=\"center\" header_text_color=\"#317c93\" link_option_url=\"https:\/\/delgadosaboritlab.com\/en\/team\/dr-maria-angeles-querol-balaguer\/\" border_radii_image=\"on|900px|900px|900px|900px\" global_colors_info=\"{}\"][\/et_pb_blurb][\/et_pb_column][\/et_pb_row][et_pb_row column_structure=\"1_4,1_4,1_4,1_4\" _builder_version=\"4.16\" _module_preset=\"default\" custom_padding=\"||0px||false|false\" global_colors_info=\"{}\"][et_pb_column type=\"1_4\" _builder_version=\"4.16\" _module_preset=\"default\" global_colors_info=\"{}\"][et_pb_blurb title=\"Andrea Villasante Ferrer\" image=\"https:\/\/delgadosaboritlab.com\/wp-content\/uploads\/2021\/10\/andrea-villasante.jpg\" _builder_version=\"4.16\" _module_preset=\"default\" header_font=\"|600|||||||\" header_text_align=\"center\" header_text_color=\"#317c93\" link_option_url=\"https:\/\/delgadosaboritlab.com\/en\/team\/andrea-villasante-ferrer\/\" border_radii_image=\"on|900px|900px|900px|900px\" global_colors_info=\"{}\"][\/et_pb_blurb][\/et_pb_column][et_pb_column type=\"1_4\" _builder_version=\"4.16\" _module_preset=\"default\" global_colors_info=\"{}\"][et_pb_blurb title=\"Naila L\u00f3pez Llorens\" image=\"https:\/\/delgadosaboritlab.com\/wp-content\/uploads\/2021\/10\/naila-lopez.jpg\" _builder_version=\"4.16\" _module_preset=\"default\" header_font=\"|600|||||||\" header_text_align=\"center\" header_text_color=\"#317c93\" link_option_url=\"https:\/\/delgadosaboritlab.com\/en\/team\/naila-lopez-llorens\/\" border_radii_image=\"on|900px|900px|900px|900px\" global_colors_info=\"{}\"][\/et_pb_blurb][\/et_pb_column][et_pb_column type=\"1_4\" _builder_version=\"4.16\" _module_preset=\"default\" global_colors_info=\"{}\"][et_pb_blurb title=\"Alba Loras Monfort\" image=\"https:\/\/delgadosaboritlab.com\/wp-content\/uploads\/2021\/11\/alba-loras.jpg\" _builder_version=\"4.16\" _module_preset=\"default\" header_font=\"|600|||||||\" header_text_align=\"center\" header_text_color=\"#317c93\" link_option_url=\"https:\/\/delgadosaboritlab.com\/en\/team\/alba-loras-monfort\/\" border_radii_image=\"on|900px|900px|900px|900px\" global_colors_info=\"{}\"][\/et_pb_blurb][\/et_pb_column][et_pb_column type=\"1_4\" _builder_version=\"4.16\" _module_preset=\"default\" global_colors_info=\"{}\"][et_pb_blurb title=\"Paloma Vicent Balaguer\" image=\"https:\/\/delgadosaboritlab.com\/wp-content\/uploads\/2023\/02\/Foto-paloma-copia.jpg\" _builder_version=\"4.19.1\" _module_preset=\"default\" header_font=\"|600|||||||\" header_text_align=\"center\" header_text_color=\"#317c93\" link_option_url=\"https:\/\/delgadosaboritlab.com\/en\/team\/paloma-vicent-balaguer_EN\/\" border_radii_image=\"on|900px|900px|900px|900px\" global_colors_info=\"{}\"][\/et_pb_blurb][\/et_pb_column][\/et_pb_row][et_pb_row column_structure=\"1_4,1_4,1_4,1_4\" _builder_version=\"4.16\" _module_preset=\"default\" custom_padding=\"||0px||false|false\" global_colors_info=\"{}\"][et_pb_column type=\"1_4\" _builder_version=\"4.16\" _module_preset=\"default\" global_colors_info=\"{}\"][et_pb_blurb title=\"Dra. Mar\u00eda Barber\u00e1 Riera\" image=\"https:\/\/delgadosaboritlab.com\/wp-content\/uploads\/2021\/10\/maria-barbera.jpg\" _builder_version=\"4.16\" _module_preset=\"default\" header_font=\"|600|||||||\" header_text_align=\"center\" header_text_color=\"#317c93\" link_option_url=\"https:\/\/delgadosaboritlab.com\/en\/team\/dr-maria-barbera-riera\/\" border_radii_image=\"on|900px|900px|900px|900px\" global_colors_info=\"{}\"][\/et_pb_blurb][\/et_pb_column][et_pb_column type=\"1_4\" _builder_version=\"4.16\" _module_preset=\"default\" global_colors_info=\"{}\"][et_pb_blurb title=\"Dra. Simona Porru\" image=\"https:\/\/delgadosaboritlab.com\/wp-content\/uploads\/2021\/10\/simona-porru.jpg\" _builder_version=\"4.16\" _module_preset=\"default\" header_font=\"|600|||||||\" header_text_align=\"center\" header_text_color=\"#317c93\" link_option_url=\"https:\/\/delgadosaboritlab.com\/en\/team\/dr-simona-porru\/\" border_radii_image=\"on|900px|900px|900px|900px\" global_colors_info=\"{}\"][\/et_pb_blurb][\/et_pb_column][et_pb_column type=\"1_4\" _builder_version=\"4.16\" _module_preset=\"default\" global_colors_info=\"{}\"][et_pb_blurb title=\"Aurea Cartanya Hueso\" image=\"https:\/\/delgadosaboritlab.com\/wp-content\/uploads\/2021\/11\/aurea-cartanya.jpg\" _builder_version=\"4.16\" _module_preset=\"default\" header_font=\"|600|||||||\" header_text_align=\"center\" header_text_color=\"#317c93\" link_option_url=\"https:\/\/delgadosaboritlab.com\/en\/team\/aurea-cartanya-hueso\/\" border_radii_image=\"on|900px|900px|900px|900px\" global_colors_info=\"{}\"][\/et_pb_blurb][\/et_pb_column][et_pb_column type=\"1_4\" _builder_version=\"4.16\" _module_preset=\"default\" global_colors_info=\"{}\"][et_pb_blurb title=\"Ricardo Manuel Pino Lozano\" image=\"https:\/\/delgadosaboritlab.com\/wp-content\/uploads\/2022\/10\/Foto-Ricardo-Manuel-Pino-Lozano-2-1.jpg\" image_icon_width=\"90%\" _builder_version=\"4.16\" _module_preset=\"default\" header_font=\"|600|||||||\" header_text_align=\"center\" header_text_color=\"#317c93\" link_option_url=\"https:\/\/delgadosaboritlab.com\/en\/team\/ricardo-pino-lozano\/\" border_radii_image=\"on|900px|900px|900px|900px\" global_colors_info=\"{}\"][\/et_pb_blurb][\/et_pb_column][\/et_pb_row][et_pb_row column_structure=\"1_4,1_4,1_4,1_4\" _builder_version=\"4.16\" _module_preset=\"default\" custom_padding=\"||0px||false|false\" global_colors_info=\"{}\"][et_pb_column type=\"1_4\" _builder_version=\"4.16\" _module_preset=\"default\" global_colors_info=\"{}\"][et_pb_blurb title=\"Teresa Cos\u00edn Pascual \" image=\"https:\/\/delgadosaboritlab.com\/wp-content\/uploads\/2022\/10\/foto-Teresa-3.png\" _builder_version=\"4.16\" _module_preset=\"default\" header_font=\"|600|||||||\" header_text_align=\"center\" header_text_color=\"#317c93\" link_option_url=\"https:\/\/delgadosaboritlab.com\/en\/teresa-cosin-pascual\/\" border_radii_image=\"on|900px|900px|900px|900px\" global_colors_info=\"{}\"][\/et_pb_blurb][\/et_pb_column][et_pb_column type=\"1_4\" _builder_version=\"4.16\" _module_preset=\"default\" global_colors_info=\"{}\"][et_pb_blurb title=\"Jos\u00e9 Martinez Aguilar \" image=\"https:\/\/delgadosaboritlab.com\/wp-content\/uploads\/2021\/11\/dr.png\" _builder_version=\"4.16\" _module_preset=\"default\" header_font=\"|600|||||||\" header_text_align=\"center\" header_text_color=\"#317c93\" link_option_url=\"https:\/\/delgadosaboritlab.com\/en\/jose-martinez-aguilar\/\" border_radii_image=\"on|900px|900px|900px|900px\" global_colors_info=\"{}\"][\/et_pb_blurb][\/et_pb_column][et_pb_column type=\"1_4\" _builder_version=\"4.16\" _module_preset=\"default\" global_colors_info=\"{}\"][et_pb_blurb title=\"Mar\u00eda Herrera Cuenca\" image=\"https:\/\/delgadosaboritlab.com\/wp-content\/uploads\/2025\/02\/maria-herrera-cuenca.jpg\" _builder_version=\"4.27.4\" _module_preset=\"default\" header_font=\"|600|||||||\" header_text_align=\"center\" header_text_color=\"#317c93\" link_option_url=\"https:\/\/delgadosaboritlab.com\/en\/team\/maria-herrera-cuenca\/\" hover_enabled=\"0\" border_radii_image=\"on|900px|900px|900px|900px\" global_colors_info=\"{}\" sticky_enabled=\"0\" title_text=\"maria-herrera-cuenca\"][\/et_pb_blurb][\/et_pb_column][et_pb_column type=\"1_4\" _builder_version=\"4.16\" _module_preset=\"default\" global_colors_info=\"{}\"][\/et_pb_column][\/et_pb_row][\/et_pb_section]<\/p>\n","protected":false},"excerpt":{"rendered":"","protected":false},"author":1,"featured_media":0,"parent":0,"menu_order":0,"comment_status":"closed","ping_status":"closed","template":"","meta":{"_et_pb_use_builder":"on","_et_pb_old_content":"","_et_gb_content_width":"","inline_featured_image":false,"footnotes":""},"class_list":["post-1600","page","type-page","status-publish","hentry"],"_links":{"self":[{"href":"https:\/\/delgadosaboritlab.com\/en\/wp-json\/wp\/v2\/pages\/1600","targetHints":{"allow":["GET"]}}],"collection":[{"href":"https:\/\/delgadosaboritlab.com\/en\/wp-json\/wp\/v2\/pages"}],"about":[{"href":"https:\/\/delgadosaboritlab.com\/en\/wp-json\/wp\/v2\/types\/page"}],"author":[{"embeddable":true,"href":"https:\/\/delgadosaboritlab.com\/en\/wp-json\/wp\/v2\/users\/1"}],"replies":[{"embeddable":true,"href":"https:\/\/delgadosaboritlab.com\/en\/wp-json\/wp\/v2\/comments?post=1600"}],"version-history":[{"count":0,"href":"https:\/\/delgadosaboritlab.com\/en\/wp-json\/wp\/v2\/pages\/1600\/revisions"}],"wp:attachment":[{"href":"https:\/\/delgadosaboritlab.com\/en\/wp-json\/wp\/v2\/media?parent=1600"}],"curies":[{"name":"wp","href":"https:\/\/api.w.org\/{rel}","templated":true}]}}